{"id":75,"date":"2018-01-12T14:06:25","date_gmt":"2018-01-12T13:06:25","guid":{"rendered":"http:\/\/lacensedelavie.fr\/?page_id=75"},"modified":"2026-02-23T22:06:52","modified_gmt":"2026-02-23T21:06:52","slug":"venir-au-magasin","status":"publish","type":"page","link":"https:\/\/lacensedelavie.fr\/index.php\/venir-au-magasin\/","title":{"rendered":"Comment acheter nos produits ?"},"content":{"rendered":"<p>Nous vendons nos produits principalement via notre boutique en ligne <a href=\"http:\/\/commande.lacensedelavie.fr\">http:\/\/commande.lacensedelavie.fr<\/a><\/p>\n<p>Vous pouvez passer des commandes sur le site et venir les r\u00e9cup\u00e9rer \u00e0 la ferme sur RDV par mail \u00e0 contact@lacensedelavie.fr le lundi, mardi, jeudi, samedi ou via nos casiers accessibles 24h\/24H 7j\/7j.<\/p>\n<p>Les casiers sont accessibles 24h\/24h, on vous enverra un code \u00e0 la confirmation de disponibilit\u00e9 de votre commande<\/p>\n<p><iframe loading=\"lazy\" style=\"border: 0;\" src=\"https:\/\/www.google.com\/maps\/embed?pb=!1m18!1m12!1m3!1d45594.10794545377!2d3.1861492027514835!3d50.48330391703872!2m3!1f0!2f0!3f0!3m2!1i1024!2i768!4f13.1!3m3!1m2!1s0x47c2dab458af7cdb%3A0x9bc2f11c9230ac69!2sLa+Cense+de+la+Vie!5e0!3m2!1sfr!2sfr!4v1515762670022\" width=\"600\" height=\"450\" frameborder=\"0\" allowfullscreen=\"allowfullscreen\"><\/iframe><\/p>\n<p>Vous souhaitez organiser un nouveau point de livraison ? Contactez nous par mail \u00e0 contact@lacensedelavie.fr<\/p>\n","protected":false},"excerpt":{"rendered":"<p>Nous vendons nos produits principalement via notre boutique en ligne http:\/\/commande.lacensedelavie.fr Vous pouvez passer des commandes sur le site et venir les r\u00e9cup\u00e9rer \u00e0 la ferme sur RDV par mail \u00e0 contact@lacensedelavie.fr le lundi, mardi, jeudi, samedi ou via nos casiers accessibles 24h\/24H 7j\/7j. Les casiers sont accessibles 24h\/24h, on vous enverra un code \u00e0 &hellip; <\/p>\n<p class=\"link-more\"><a href=\"https:\/\/lacensedelavie.fr\/index.php\/venir-au-magasin\/\" class=\"more-link\">Continuer la lecture<span class=\"screen-reader-text\"> de &laquo;&nbsp;Comment acheter nos produits ?&nbsp;&raquo;<\/span><\/a><\/p>\n","protected":false},"author":1,"featured_media":0,"parent":0,"menu_order":0,"comment_status":"closed","ping_status":"closed","template":"","meta":{"footnotes":""},"class_list":["post-75","page","type-page","status-publish","hentry"],"jetpack_sharing_enabled":true,"_links":{"self":[{"href":"https:\/\/lacensedelavie.fr\/index.php\/wp-json\/wp\/v2\/pages\/75","targetHints":{"allow":["GET"]}}],"collection":[{"href":"https:\/\/lacensedelavie.fr\/index.php\/wp-json\/wp\/v2\/pages"}],"about":[{"href":"https:\/\/lacensedelavie.fr\/index.php\/wp-json\/wp\/v2\/types\/page"}],"author":[{"embeddable":true,"href":"https:\/\/lacensedelavie.fr\/index.php\/wp-json\/wp\/v2\/users\/1"}],"replies":[{"embeddable":true,"href":"https:\/\/lacensedelavie.fr\/index.php\/wp-json\/wp\/v2\/comments?post=75"}],"version-history":[{"count":17,"href":"https:\/\/lacensedelavie.fr\/index.php\/wp-json\/wp\/v2\/pages\/75\/revisions"}],"predecessor-version":[{"id":552,"href":"https:\/\/lacensedelavie.fr\/index.php\/wp-json\/wp\/v2\/pages\/75\/revisions\/552"}],"wp:attachment":[{"href":"https:\/\/lacensedelavie.fr\/index.php\/wp-json\/wp\/v2\/media?parent=75"}],"curies":[{"name":"wp","href":"https:\/\/api.w.org\/{rel}","templated":true}]}}