{"id":366,"date":"2018-12-11T16:19:37","date_gmt":"2018-12-11T15:19:37","guid":{"rendered":"http:\/\/lacensedelavie.fr\/?page_id=366"},"modified":"2018-12-11T16:20:00","modified_gmt":"2018-12-11T15:20:00","slug":"la-courge-pomme-dor","status":"publish","type":"page","link":"https:\/\/lacensedelavie.fr\/index.php\/nos-recettes\/les-courges\/la-courge-pomme-dor\/","title":{"rendered":"La courge Pomme d&rsquo;Or"},"content":{"rendered":"<p><img loading=\"lazy\" decoding=\"async\" class=\"size-full wp-image-335 alignleft\" src=\"https:\/\/lacensedelavie.fr\/wp-content\/uploads\/2018\/11\/pomme-dor.jpg\" alt=\"\" width=\"217\" height=\"190\" \/>La pomme d&rsquo;or fait partie de la famille des courge \u00ab\u00a0pepo\u00a0\u00bb comme la courge spaghetti ou la courgette. C&rsquo;est une petite courge ronde de 6-8 cm de diam\u00e8tre tr\u00e8s pratique pour faire des parts individuelles.<\/p>\n<p>Sa chair est fondante, fibreuse et l\u00e9g\u00e8rement sucr\u00e9e.<\/p>\n<p>Vu sa taille, elle se pr\u00eate plus facilement \u00e0 \u00eatre farcie, de viande, de fromage, ou comme dans cette recette, de champignons<br \/>\n<a href=\"https:\/\/www.750g.com\/courge-pomme-dor-farcie-aux-champignons-r61190.htm\">COURGE POMME D&rsquo;OR FARCIE AUX CHAMPIGNONS<\/a><\/p>\n","protected":false},"excerpt":{"rendered":"<p>La pomme d&rsquo;or fait partie de la famille des courge \u00ab\u00a0pepo\u00a0\u00bb comme la courge spaghetti ou la courgette. C&rsquo;est une petite courge ronde de 6-8 cm de diam\u00e8tre tr\u00e8s pratique pour faire des parts individuelles. Sa chair est fondante, fibreuse et l\u00e9g\u00e8rement sucr\u00e9e. Vu sa taille, elle se pr\u00eate plus facilement \u00e0 \u00eatre farcie, de &hellip; <\/p>\n<p class=\"link-more\"><a href=\"https:\/\/lacensedelavie.fr\/index.php\/nos-recettes\/les-courges\/la-courge-pomme-dor\/\" class=\"more-link\">Continuer la lecture<span class=\"screen-reader-text\"> de &laquo;&nbsp;La courge Pomme d&rsquo;Or&nbsp;&raquo;<\/span><\/a><\/p>\n","protected":false},"author":1,"featured_media":0,"parent":153,"menu_order":2,"comment_status":"closed","ping_status":"closed","template":"","meta":{"footnotes":""},"class_list":["post-366","page","type-page","status-publish","hentry"],"jetpack_sharing_enabled":true,"_links":{"self":[{"href":"https:\/\/lacensedelavie.fr\/index.php\/wp-json\/wp\/v2\/pages\/366","targetHints":{"allow":["GET"]}}],"collection":[{"href":"https:\/\/lacensedelavie.fr\/index.php\/wp-json\/wp\/v2\/pages"}],"about":[{"href":"https:\/\/lacensedelavie.fr\/index.php\/wp-json\/wp\/v2\/types\/page"}],"author":[{"embeddable":true,"href":"https:\/\/lacensedelavie.fr\/index.php\/wp-json\/wp\/v2\/users\/1"}],"replies":[{"embeddable":true,"href":"https:\/\/lacensedelavie.fr\/index.php\/wp-json\/wp\/v2\/comments?post=366"}],"version-history":[{"count":2,"href":"https:\/\/lacensedelavie.fr\/index.php\/wp-json\/wp\/v2\/pages\/366\/revisions"}],"predecessor-version":[{"id":368,"href":"https:\/\/lacensedelavie.fr\/index.php\/wp-json\/wp\/v2\/pages\/366\/revisions\/368"}],"up":[{"embeddable":true,"href":"https:\/\/lacensedelavie.fr\/index.php\/wp-json\/wp\/v2\/pages\/153"}],"wp:attachment":[{"href":"https:\/\/lacensedelavie.fr\/index.php\/wp-json\/wp\/v2\/media?parent=366"}],"curies":[{"name":"wp","href":"https:\/\/api.w.org\/{rel}","templated":true}]}}