{"id":353,"date":"2018-11-23T15:17:42","date_gmt":"2018-11-23T14:17:42","guid":{"rendered":"http:\/\/lacensedelavie.fr\/?page_id=353"},"modified":"2018-12-11T15:31:28","modified_gmt":"2018-12-11T14:31:28","slug":"courge-patidou","status":"publish","type":"page","link":"https:\/\/lacensedelavie.fr\/index.php\/nos-recettes\/les-courges\/courge-patidou\/","title":{"rendered":"La courge Patidou"},"content":{"rendered":"<p>Aussi appel\u00e9 de son nom anglais \u00ab\u00a0Sweet Dumpling\u00a0\u00bb est une courge de taille moyenne (600-900g env) \u00e0 chair orang\u00e9e, tr\u00e8s fine et ferme, avec un arri\u00e8re gout de ch\u00e2taignes. Son go\u00fbt est tr\u00e8s appr\u00e9ci\u00e9 des connaisseurs.<\/p>\n<p>Elle peut facilement \u00eatre farcie au four et constituer un repas complet pour 2 personnes.<\/p>\n<p><img loading=\"lazy\" decoding=\"async\" class=\"alignnone size-full wp-image-324\" src=\"https:\/\/lacensedelavie.fr\/wp-content\/uploads\/2018\/11\/patidou.jpg\" alt=\"\" width=\"300\" height=\"300\" srcset=\"https:\/\/lacensedelavie.fr\/wp-content\/uploads\/2018\/11\/patidou.jpg 300w, https:\/\/lacensedelavie.fr\/wp-content\/uploads\/2018\/11\/patidou-150x150.jpg 150w, https:\/\/lacensedelavie.fr\/wp-content\/uploads\/2018\/11\/patidou-100x100.jpg 100w\" sizes=\"auto, (max-width: 300px) 100vw, 300px\" \/><\/p>\n<p>&nbsp;<\/p>\n","protected":false},"excerpt":{"rendered":"<p>Aussi appel\u00e9 de son nom anglais \u00ab\u00a0Sweet Dumpling\u00a0\u00bb est une courge de taille moyenne (600-900g env) \u00e0 chair orang\u00e9e, tr\u00e8s fine et ferme, avec un arri\u00e8re gout de ch\u00e2taignes. Son go\u00fbt est tr\u00e8s appr\u00e9ci\u00e9 des connaisseurs. Elle peut facilement \u00eatre farcie au four et constituer un repas complet pour 2 personnes. &nbsp;<\/p>\n","protected":false},"author":1,"featured_media":0,"parent":153,"menu_order":0,"comment_status":"closed","ping_status":"closed","template":"","meta":{"footnotes":""},"class_list":["post-353","page","type-page","status-publish","hentry"],"jetpack_sharing_enabled":true,"_links":{"self":[{"href":"https:\/\/lacensedelavie.fr\/index.php\/wp-json\/wp\/v2\/pages\/353","targetHints":{"allow":["GET"]}}],"collection":[{"href":"https:\/\/lacensedelavie.fr\/index.php\/wp-json\/wp\/v2\/pages"}],"about":[{"href":"https:\/\/lacensedelavie.fr\/index.php\/wp-json\/wp\/v2\/types\/page"}],"author":[{"embeddable":true,"href":"https:\/\/lacensedelavie.fr\/index.php\/wp-json\/wp\/v2\/users\/1"}],"replies":[{"embeddable":true,"href":"https:\/\/lacensedelavie.fr\/index.php\/wp-json\/wp\/v2\/comments?post=353"}],"version-history":[{"count":2,"href":"https:\/\/lacensedelavie.fr\/index.php\/wp-json\/wp\/v2\/pages\/353\/revisions"}],"predecessor-version":[{"id":365,"href":"https:\/\/lacensedelavie.fr\/index.php\/wp-json\/wp\/v2\/pages\/353\/revisions\/365"}],"up":[{"embeddable":true,"href":"https:\/\/lacensedelavie.fr\/index.php\/wp-json\/wp\/v2\/pages\/153"}],"wp:attachment":[{"href":"https:\/\/lacensedelavie.fr\/index.php\/wp-json\/wp\/v2\/media?parent=353"}],"curies":[{"name":"wp","href":"https:\/\/api.w.org\/{rel}","templated":true}]}}