{"id":25,"date":"2018-01-12T11:57:30","date_gmt":"2018-01-12T10:57:30","guid":{"rendered":"http:\/\/lacensedelavie.fr\/?page_id=25"},"modified":"2018-03-08T16:25:36","modified_gmt":"2018-03-08T15:25:36","slug":"potimarron","status":"publish","type":"page","link":"https:\/\/lacensedelavie.fr\/index.php\/nos-recettes\/potimarron\/","title":{"rendered":"Le potimarron"},"content":{"rendered":"<p>&nbsp;<\/p>\n<p><img loading=\"lazy\" decoding=\"async\" class=\"size-medium wp-image-31 alignleft\" src=\"https:\/\/lacensedelavie.fr\/wp-content\/uploads\/2018\/01\/potimarron-225x300.jpg\" alt=\"\" width=\"225\" height=\"300\" srcset=\"https:\/\/lacensedelavie.fr\/wp-content\/uploads\/2018\/01\/potimarron-225x300.jpg 225w, https:\/\/lacensedelavie.fr\/wp-content\/uploads\/2018\/01\/potimarron-768x1023.jpg 768w, https:\/\/lacensedelavie.fr\/wp-content\/uploads\/2018\/01\/potimarron-769x1024.jpg 769w\" sizes=\"auto, (max-width: 225px) 100vw, 225px\" \/><\/p>\n<p>Le potimarron est une courge d\u00e9licieuse et tr\u00e8s facile \u00e0 cuisiner !<\/p>\n<ul>\n<li>D\u00e9coupez le haut de la courge sur un ou deux cm, retirez le graines<\/li>\n<li>Remplissez de farce de viande.<\/li>\n<li>Mettez au four 30 min.<\/li>\n<\/ul>\n<p>Rien de plus simple !<\/p>\n<p>Il ne reste plus qu&rsquo;\u00e0 d\u00e9guster, la peau tr\u00e8s fine se mange.<\/p>\n","protected":false},"excerpt":{"rendered":"<p>&nbsp; Le potimarron est une courge d\u00e9licieuse et tr\u00e8s facile \u00e0 cuisiner ! D\u00e9coupez le haut de la courge sur un ou deux cm, retirez le graines Remplissez de farce de viande. Mettez au four 30 min. Rien de plus simple ! Il ne reste plus qu&rsquo;\u00e0 d\u00e9guster, la peau tr\u00e8s fine se mange.<\/p>\n","protected":false},"author":1,"featured_media":0,"parent":23,"menu_order":0,"comment_status":"closed","ping_status":"closed","template":"","meta":{"footnotes":""},"class_list":["post-25","page","type-page","status-publish","hentry"],"jetpack_sharing_enabled":true,"_links":{"self":[{"href":"https:\/\/lacensedelavie.fr\/index.php\/wp-json\/wp\/v2\/pages\/25","targetHints":{"allow":["GET"]}}],"collection":[{"href":"https:\/\/lacensedelavie.fr\/index.php\/wp-json\/wp\/v2\/pages"}],"about":[{"href":"https:\/\/lacensedelavie.fr\/index.php\/wp-json\/wp\/v2\/types\/page"}],"author":[{"embeddable":true,"href":"https:\/\/lacensedelavie.fr\/index.php\/wp-json\/wp\/v2\/users\/1"}],"replies":[{"embeddable":true,"href":"https:\/\/lacensedelavie.fr\/index.php\/wp-json\/wp\/v2\/comments?post=25"}],"version-history":[{"count":7,"href":"https:\/\/lacensedelavie.fr\/index.php\/wp-json\/wp\/v2\/pages\/25\/revisions"}],"predecessor-version":[{"id":176,"href":"https:\/\/lacensedelavie.fr\/index.php\/wp-json\/wp\/v2\/pages\/25\/revisions\/176"}],"up":[{"embeddable":true,"href":"https:\/\/lacensedelavie.fr\/index.php\/wp-json\/wp\/v2\/pages\/23"}],"wp:attachment":[{"href":"https:\/\/lacensedelavie.fr\/index.php\/wp-json\/wp\/v2\/media?parent=25"}],"curies":[{"name":"wp","href":"https:\/\/api.w.org\/{rel}","templated":true}]}}