{"id":23,"date":"2018-01-12T11:56:53","date_gmt":"2018-01-12T10:56:53","guid":{"rendered":"http:\/\/lacensedelavie.fr\/?page_id=23"},"modified":"2018-01-15T14:08:13","modified_gmt":"2018-01-15T13:08:13","slug":"nos-recettes","status":"publish","type":"page","link":"https:\/\/lacensedelavie.fr\/index.php\/nos-recettes\/","title":{"rendered":"Les produits et recettes"},"content":{"rendered":"<p>Retrouvez dans cette rubrique nos diff\u00e9rents fruits, l\u00e9gumes et produits transform\u00e9s, avec diff\u00e9rentes fa\u00e7ons de les cuisiner.<\/p>\n<p>N&rsquo;h\u00e9sitez pas \u00e0 nous envoyer vos recettes (avec photos si possible) pour que nous les partagions ici !<\/p>\n","protected":false},"excerpt":{"rendered":"<p>Retrouvez dans cette rubrique nos diff\u00e9rents fruits, l\u00e9gumes et produits transform\u00e9s, avec diff\u00e9rentes fa\u00e7ons de les cuisiner. N&rsquo;h\u00e9sitez pas \u00e0 nous envoyer vos recettes (avec photos si possible) pour que nous les partagions ici !<\/p>\n","protected":false},"author":1,"featured_media":0,"parent":0,"menu_order":0,"comment_status":"closed","ping_status":"closed","template":"","meta":{"footnotes":""},"class_list":["post-23","page","type-page","status-publish","hentry"],"jetpack_sharing_enabled":true,"_links":{"self":[{"href":"https:\/\/lacensedelavie.fr\/index.php\/wp-json\/wp\/v2\/pages\/23","targetHints":{"allow":["GET"]}}],"collection":[{"href":"https:\/\/lacensedelavie.fr\/index.php\/wp-json\/wp\/v2\/pages"}],"about":[{"href":"https:\/\/lacensedelavie.fr\/index.php\/wp-json\/wp\/v2\/types\/page"}],"author":[{"embeddable":true,"href":"https:\/\/lacensedelavie.fr\/index.php\/wp-json\/wp\/v2\/users\/1"}],"replies":[{"embeddable":true,"href":"https:\/\/lacensedelavie.fr\/index.php\/wp-json\/wp\/v2\/comments?post=23"}],"version-history":[{"count":6,"href":"https:\/\/lacensedelavie.fr\/index.php\/wp-json\/wp\/v2\/pages\/23\/revisions"}],"predecessor-version":[{"id":110,"href":"https:\/\/lacensedelavie.fr\/index.php\/wp-json\/wp\/v2\/pages\/23\/revisions\/110"}],"wp:attachment":[{"href":"https:\/\/lacensedelavie.fr\/index.php\/wp-json\/wp\/v2\/media?parent=23"}],"curies":[{"name":"wp","href":"https:\/\/api.w.org\/{rel}","templated":true}]}}