{"id":220,"date":"2018-03-13T16:21:06","date_gmt":"2018-03-13T15:21:06","guid":{"rendered":"http:\/\/lacensedelavie.fr\/?page_id=220"},"modified":"2018-07-04T22:39:42","modified_gmt":"2018-07-04T20:39:42","slug":"les-salades-et-assimiles","status":"publish","type":"page","link":"https:\/\/lacensedelavie.fr\/index.php\/les-salades-et-assimiles\/","title":{"rendered":"Les salades et assimil\u00e9s"},"content":{"rendered":"<p>La famille des salades est tr\u00e8s riche en vari\u00e9t\u00e9. Nous essayons de diversifier au maximum la production pour bousculer les habitudes. Laitues, Chicor\u00e9es, Mescluns divers et vari\u00e9s, Pourpier, Cresson al\u00e9nois, Roquette,&#8230;. chaque semaine, venez d\u00e9couvrir de nouvelles textures, saveurs, couleurs !<\/p>\n<p><img loading=\"lazy\" decoding=\"async\" class=\"size-medium wp-image-233 alignleft\" src=\"https:\/\/lacensedelavie.fr\/wp-content\/uploads\/2018\/03\/20180202_163727-e1520958058165-169x300.jpg\" alt=\"\" width=\"169\" height=\"300\" srcset=\"https:\/\/lacensedelavie.fr\/wp-content\/uploads\/2018\/03\/20180202_163727-e1520958058165-169x300.jpg 169w, https:\/\/lacensedelavie.fr\/wp-content\/uploads\/2018\/03\/20180202_163727-e1520958058165-768x1365.jpg 768w, https:\/\/lacensedelavie.fr\/wp-content\/uploads\/2018\/03\/20180202_163727-e1520958058165-576x1024.jpg 576w\" sizes=\"auto, (max-width: 169px) 100vw, 169px\" \/>Le Pourpier est un l\u00e9gume tr\u00e8s ancien. Tr\u00e8s riche en vitamines C et en Omega 3, c&rsquo;est aussi un aliment diur\u00e9tique d\u00e9toxifiant tr\u00e8s int\u00e9ressant. Moelleux et tr\u00e8s doux, on peut le pr\u00e9parer comme seul ou le m\u00e9langer \u00e0 d&rsquo;autres salades vertes, de la roquette ou autres.<\/p>\n<p>&nbsp;<\/p>\n<p>&nbsp;<\/p>\n<p>&nbsp;<\/p>\n<p>&nbsp;<\/p>\n<p><img loading=\"lazy\" decoding=\"async\" class=\"size-medium wp-image-234 alignright\" src=\"https:\/\/lacensedelavie.fr\/wp-content\/uploads\/2018\/03\/20180202_163737-e1520958075168-169x300.jpg\" alt=\"\" width=\"169\" height=\"300\" srcset=\"https:\/\/lacensedelavie.fr\/wp-content\/uploads\/2018\/03\/20180202_163737-e1520958075168-169x300.jpg 169w, https:\/\/lacensedelavie.fr\/wp-content\/uploads\/2018\/03\/20180202_163737-e1520958075168-768x1365.jpg 768w, https:\/\/lacensedelavie.fr\/wp-content\/uploads\/2018\/03\/20180202_163737-e1520958075168-576x1024.jpg 576w\" sizes=\"auto, (max-width: 169px) 100vw, 169px\" \/>Le cresson Al\u00e9nois est une vari\u00e9t\u00e9 peu connue de cresson. Sa saveur piquante viendra relever vos salades ou vos soupes ! Riche en antioxydants et en carot\u00e9no\u00efdes, il est utiliser comme plante m\u00e9dicinale en Inde.<\/p>\n<p>&nbsp;<\/p>\n","protected":false},"excerpt":{"rendered":"<p>La famille des salades est tr\u00e8s riche en vari\u00e9t\u00e9. Nous essayons de diversifier au maximum la production pour bousculer les habitudes. Laitues, Chicor\u00e9es, Mescluns divers et vari\u00e9s, Pourpier, Cresson al\u00e9nois, Roquette,&#8230;. chaque semaine, venez d\u00e9couvrir de nouvelles textures, saveurs, couleurs ! Le Pourpier est un l\u00e9gume tr\u00e8s ancien. Tr\u00e8s riche en vitamines C et en &hellip; <\/p>\n<p class=\"link-more\"><a href=\"https:\/\/lacensedelavie.fr\/index.php\/les-salades-et-assimiles\/\" class=\"more-link\">Continuer la lecture<span class=\"screen-reader-text\"> de &laquo;&nbsp;Les salades et assimil\u00e9s&nbsp;&raquo;<\/span><\/a><\/p>\n","protected":false},"author":1,"featured_media":0,"parent":0,"menu_order":0,"comment_status":"closed","ping_status":"closed","template":"","meta":{"footnotes":""},"class_list":["post-220","page","type-page","status-publish","hentry"],"jetpack_sharing_enabled":true,"_links":{"self":[{"href":"https:\/\/lacensedelavie.fr\/index.php\/wp-json\/wp\/v2\/pages\/220","targetHints":{"allow":["GET"]}}],"collection":[{"href":"https:\/\/lacensedelavie.fr\/index.php\/wp-json\/wp\/v2\/pages"}],"about":[{"href":"https:\/\/lacensedelavie.fr\/index.php\/wp-json\/wp\/v2\/types\/page"}],"author":[{"embeddable":true,"href":"https:\/\/lacensedelavie.fr\/index.php\/wp-json\/wp\/v2\/users\/1"}],"replies":[{"embeddable":true,"href":"https:\/\/lacensedelavie.fr\/index.php\/wp-json\/wp\/v2\/comments?post=220"}],"version-history":[{"count":3,"href":"https:\/\/lacensedelavie.fr\/index.php\/wp-json\/wp\/v2\/pages\/220\/revisions"}],"predecessor-version":[{"id":236,"href":"https:\/\/lacensedelavie.fr\/index.php\/wp-json\/wp\/v2\/pages\/220\/revisions\/236"}],"wp:attachment":[{"href":"https:\/\/lacensedelavie.fr\/index.php\/wp-json\/wp\/v2\/media?parent=220"}],"curies":[{"name":"wp","href":"https:\/\/api.w.org\/{rel}","templated":true}]}}