{"id":203,"date":"2018-03-13T15:30:13","date_gmt":"2018-03-13T14:30:13","guid":{"rendered":"http:\/\/lacensedelavie.fr\/?page_id=203"},"modified":"2018-07-04T22:37:58","modified_gmt":"2018-07-04T20:37:58","slug":"les-oeufs","status":"publish","type":"page","link":"https:\/\/lacensedelavie.fr\/index.php\/nos-recettes\/les-oeufs\/","title":{"rendered":"Les oeufs"},"content":{"rendered":"<p>Nous avons quelques poules pondeuses, qui sont un bon alli\u00e9 dans le syst\u00e8me global et qui permettent de proposer des \u0153ufs frais en compl\u00e9ment des fruits et l\u00e9gumes.<\/p>\n<p>Tr\u00e8s loin des poulaillers industriels, nos poules vivent paisiblement en pleine nature. Elles sont nourries de grains et de d\u00e9chets de fruits et l\u00e9gumes bio. Elles nous apportent des \u0153ufs mais aussi un peu de fumier. Elles permettent aussi de ma\u00eetriser naturellement l&rsquo;enherbement de certaines zones l&rsquo;\u00e9t\u00e9.<\/p>\n<p><img loading=\"lazy\" decoding=\"async\" class=\"alignnone size-medium wp-image-61\" src=\"https:\/\/lacensedelavie.fr\/wp-content\/uploads\/2018\/01\/Olivier_Pety_29-300x200.jpg\" alt=\"\" width=\"300\" height=\"200\" srcset=\"https:\/\/lacensedelavie.fr\/wp-content\/uploads\/2018\/01\/Olivier_Pety_29-300x200.jpg 300w, https:\/\/lacensedelavie.fr\/wp-content\/uploads\/2018\/01\/Olivier_Pety_29-768x512.jpg 768w, https:\/\/lacensedelavie.fr\/wp-content\/uploads\/2018\/01\/Olivier_Pety_29-1024x683.jpg 1024w\" sizes=\"auto, (max-width: 300px) 100vw, 300px\" \/> <img loading=\"lazy\" decoding=\"async\" class=\"alignnone size-medium wp-image-37\" src=\"https:\/\/lacensedelavie.fr\/wp-content\/uploads\/2018\/01\/Olivier_Pety_05-300x200.jpg\" alt=\"\" width=\"300\" height=\"200\" srcset=\"https:\/\/lacensedelavie.fr\/wp-content\/uploads\/2018\/01\/Olivier_Pety_05-300x200.jpg 300w, https:\/\/lacensedelavie.fr\/wp-content\/uploads\/2018\/01\/Olivier_Pety_05-768x512.jpg 768w, https:\/\/lacensedelavie.fr\/wp-content\/uploads\/2018\/01\/Olivier_Pety_05-1024x683.jpg 1024w\" sizes=\"auto, (max-width: 300px) 100vw, 300px\" \/> <img loading=\"lazy\" decoding=\"async\" class=\"alignnone size-medium wp-image-38\" src=\"https:\/\/lacensedelavie.fr\/wp-content\/uploads\/2018\/01\/Olivier_Pety_06-300x200.jpg\" alt=\"\" width=\"300\" height=\"200\" srcset=\"https:\/\/lacensedelavie.fr\/wp-content\/uploads\/2018\/01\/Olivier_Pety_06-300x200.jpg 300w, https:\/\/lacensedelavie.fr\/wp-content\/uploads\/2018\/01\/Olivier_Pety_06-768x512.jpg 768w, https:\/\/lacensedelavie.fr\/wp-content\/uploads\/2018\/01\/Olivier_Pety_06-1024x683.jpg 1024w\" sizes=\"auto, (max-width: 300px) 100vw, 300px\" \/><\/p>\n","protected":false},"excerpt":{"rendered":"<p>Nous avons quelques poules pondeuses, qui sont un bon alli\u00e9 dans le syst\u00e8me global et qui permettent de proposer des \u0153ufs frais en compl\u00e9ment des fruits et l\u00e9gumes. Tr\u00e8s loin des poulaillers industriels, nos poules vivent paisiblement en pleine nature. Elles sont nourries de grains et de d\u00e9chets de fruits et l\u00e9gumes bio. Elles nous &hellip; <\/p>\n<p class=\"link-more\"><a href=\"https:\/\/lacensedelavie.fr\/index.php\/nos-recettes\/les-oeufs\/\" class=\"more-link\">Continuer la lecture<span class=\"screen-reader-text\"> de &laquo;&nbsp;Les oeufs&nbsp;&raquo;<\/span><\/a><\/p>\n","protected":false},"author":1,"featured_media":0,"parent":23,"menu_order":0,"comment_status":"closed","ping_status":"closed","template":"","meta":{"footnotes":""},"class_list":["post-203","page","type-page","status-publish","hentry"],"jetpack_sharing_enabled":true,"_links":{"self":[{"href":"https:\/\/lacensedelavie.fr\/index.php\/wp-json\/wp\/v2\/pages\/203","targetHints":{"allow":["GET"]}}],"collection":[{"href":"https:\/\/lacensedelavie.fr\/index.php\/wp-json\/wp\/v2\/pages"}],"about":[{"href":"https:\/\/lacensedelavie.fr\/index.php\/wp-json\/wp\/v2\/types\/page"}],"author":[{"embeddable":true,"href":"https:\/\/lacensedelavie.fr\/index.php\/wp-json\/wp\/v2\/users\/1"}],"replies":[{"embeddable":true,"href":"https:\/\/lacensedelavie.fr\/index.php\/wp-json\/wp\/v2\/comments?post=203"}],"version-history":[{"count":2,"href":"https:\/\/lacensedelavie.fr\/index.php\/wp-json\/wp\/v2\/pages\/203\/revisions"}],"predecessor-version":[{"id":252,"href":"https:\/\/lacensedelavie.fr\/index.php\/wp-json\/wp\/v2\/pages\/203\/revisions\/252"}],"up":[{"embeddable":true,"href":"https:\/\/lacensedelavie.fr\/index.php\/wp-json\/wp\/v2\/pages\/23"}],"wp:attachment":[{"href":"https:\/\/lacensedelavie.fr\/index.php\/wp-json\/wp\/v2\/media?parent=203"}],"curies":[{"name":"wp","href":"https:\/\/api.w.org\/{rel}","templated":true}]}}