{"id":188,"date":"2018-03-08T17:05:43","date_gmt":"2018-03-08T16:05:43","guid":{"rendered":"http:\/\/lacensedelavie.fr\/?page_id=188"},"modified":"2018-07-04T22:33:38","modified_gmt":"2018-07-04T20:33:38","slug":"les-aromatiques","status":"publish","type":"page","link":"https:\/\/lacensedelavie.fr\/index.php\/nos-recettes\/les-aromatiques\/","title":{"rendered":"Les aromatiques"},"content":{"rendered":"<p>Rien de tel pour agr\u00e9menter une recette ou des l\u00e9gumes que d&rsquo;utiliser les multiples herbes aromatiques qui existent.<\/p>\n<p>Cette ann\u00e9e, nous avons fait le choix de proposer une gamme tr\u00e8s large d&rsquo;aromatiques, connus ou pas, pour faire d\u00e9couvrir et partager les exp\u00e9riences et les go\u00fbts.<\/p>\n<p>&nbsp;<\/p>\n<p><img loading=\"lazy\" decoding=\"async\" class=\"size-medium wp-image-190 alignleft\" src=\"https:\/\/lacensedelavie.fr\/wp-content\/uploads\/2018\/03\/aromatiques2-300x185.jpg\" alt=\"\" width=\"300\" height=\"185\" srcset=\"https:\/\/lacensedelavie.fr\/wp-content\/uploads\/2018\/03\/aromatiques2-300x185.jpg 300w, https:\/\/lacensedelavie.fr\/wp-content\/uploads\/2018\/03\/aromatiques2.jpg 750w\" sizes=\"auto, (max-width: 300px) 100vw, 300px\" \/><\/p>\n<p>Parmi ceux ci nous pouvons citer : cerfeuil, basilic, thym, persil, ciboulette, estragon, hysope, liv\u00e8che, sauge, marjolaine, menthe, m\u00e9lisse, mertensia, romarin, sarriette, perilla vert ou rouge, aneth, coriandre, t\u00e9tragone, absinthe, rue, arnica,\u00a0laurier, &#8230;<\/p>\n<p>L\u00e0 aussi, nous d\u00e9clinons les plantes sous diverses vari\u00e9t\u00e9s pour multiplier les plaisirs !<\/p>\n<p>&nbsp;<\/p>\n<p>&nbsp;<\/p>\n<p>&nbsp;<\/p>\n<p><img loading=\"lazy\" decoding=\"async\" class=\"size-medium wp-image-189 aligncenter\" src=\"https:\/\/lacensedelavie.fr\/wp-content\/uploads\/2018\/03\/aromatiques-300x129.png\" alt=\"\" width=\"300\" height=\"129\" srcset=\"https:\/\/lacensedelavie.fr\/wp-content\/uploads\/2018\/03\/aromatiques-300x129.png 300w, https:\/\/lacensedelavie.fr\/wp-content\/uploads\/2018\/03\/aromatiques-768x331.png 768w, https:\/\/lacensedelavie.fr\/wp-content\/uploads\/2018\/03\/aromatiques-1024x442.png 1024w, https:\/\/lacensedelavie.fr\/wp-content\/uploads\/2018\/03\/aromatiques.png 1268w\" sizes=\"auto, (max-width: 300px) 100vw, 300px\" \/><\/p>\n","protected":false},"excerpt":{"rendered":"<p>Rien de tel pour agr\u00e9menter une recette ou des l\u00e9gumes que d&rsquo;utiliser les multiples herbes aromatiques qui existent. Cette ann\u00e9e, nous avons fait le choix de proposer une gamme tr\u00e8s large d&rsquo;aromatiques, connus ou pas, pour faire d\u00e9couvrir et partager les exp\u00e9riences et les go\u00fbts. &nbsp; Parmi ceux ci nous pouvons citer : cerfeuil, basilic, &hellip; <\/p>\n<p class=\"link-more\"><a href=\"https:\/\/lacensedelavie.fr\/index.php\/nos-recettes\/les-aromatiques\/\" class=\"more-link\">Continuer la lecture<span class=\"screen-reader-text\"> de &laquo;&nbsp;Les aromatiques&nbsp;&raquo;<\/span><\/a><\/p>\n","protected":false},"author":1,"featured_media":0,"parent":23,"menu_order":0,"comment_status":"closed","ping_status":"closed","template":"","meta":{"footnotes":""},"class_list":["post-188","page","type-page","status-publish","hentry"],"jetpack_sharing_enabled":true,"_links":{"self":[{"href":"https:\/\/lacensedelavie.fr\/index.php\/wp-json\/wp\/v2\/pages\/188","targetHints":{"allow":["GET"]}}],"collection":[{"href":"https:\/\/lacensedelavie.fr\/index.php\/wp-json\/wp\/v2\/pages"}],"about":[{"href":"https:\/\/lacensedelavie.fr\/index.php\/wp-json\/wp\/v2\/types\/page"}],"author":[{"embeddable":true,"href":"https:\/\/lacensedelavie.fr\/index.php\/wp-json\/wp\/v2\/users\/1"}],"replies":[{"embeddable":true,"href":"https:\/\/lacensedelavie.fr\/index.php\/wp-json\/wp\/v2\/comments?post=188"}],"version-history":[{"count":4,"href":"https:\/\/lacensedelavie.fr\/index.php\/wp-json\/wp\/v2\/pages\/188\/revisions"}],"predecessor-version":[{"id":249,"href":"https:\/\/lacensedelavie.fr\/index.php\/wp-json\/wp\/v2\/pages\/188\/revisions\/249"}],"up":[{"embeddable":true,"href":"https:\/\/lacensedelavie.fr\/index.php\/wp-json\/wp\/v2\/pages\/23"}],"wp:attachment":[{"href":"https:\/\/lacensedelavie.fr\/index.php\/wp-json\/wp\/v2\/media?parent=188"}],"curies":[{"name":"wp","href":"https:\/\/api.w.org\/{rel}","templated":true}]}}