{"id":185,"date":"2018-03-08T16:55:05","date_gmt":"2018-03-08T15:55:05","guid":{"rendered":"http:\/\/lacensedelavie.fr\/?page_id=185"},"modified":"2018-07-04T22:36:08","modified_gmt":"2018-07-04T20:36:08","slug":"les-legumes","status":"publish","type":"page","link":"https:\/\/lacensedelavie.fr\/index.php\/nos-recettes\/les-legumes\/","title":{"rendered":"Les l\u00e9gumes"},"content":{"rendered":"<p>Les l\u00e9gumes sont le pilier de la production. Nous r\u00e9alisons du mara\u00eechage diversifi\u00e9, ce qui signifie que nous produisons une gamme large de l\u00e9gumes, en petite quantit\u00e9.<\/p>\n<p>Parmi les l\u00e9gumes de notre gamme, vous retrouverez les classiques : carottes,\u00a0 betteraves, tomates, poivrons, aubergines, concombres, courgettes, salades, choux, poireaux, \u00e9pinards, petits pois, haricots verts, pommes de terre, des dizaines de courges, ail, oignons, \u00e9chalotes, navets, c\u00e9leris, fenouils &#8230;<\/p>\n<p>Ils sont d\u00e9clin\u00e9s dans de multiples vari\u00e9t\u00e9s permettant de varier les go\u00fbts et les couleurs !<\/p>\n<p>Vous trouverez aussi des l\u00e9gumes anciens ou oubli\u00e9s : c\u00f4tes de bettes, panais, pourpier, cresson, roquette sauvage, topinambours, crosnes, &#8230;<\/p>\n<p><img loading=\"lazy\" decoding=\"async\" class=\"alignnone size-medium wp-image-100\" src=\"https:\/\/lacensedelavie.fr\/wp-content\/uploads\/2018\/01\/cote-bette-225x300.jpg\" alt=\"\" width=\"225\" height=\"300\" srcset=\"https:\/\/lacensedelavie.fr\/wp-content\/uploads\/2018\/01\/cote-bette-225x300.jpg 225w, https:\/\/lacensedelavie.fr\/wp-content\/uploads\/2018\/01\/cote-bette.jpg 512w\" sizes=\"auto, (max-width: 225px) 100vw, 225px\" \/> <img loading=\"lazy\" decoding=\"async\" class=\"alignnone size-medium wp-image-71\" src=\"https:\/\/lacensedelavie.fr\/wp-content\/uploads\/2018\/01\/Olivier_Pety_39-300x200.jpg\" alt=\"\" width=\"300\" height=\"200\" srcset=\"https:\/\/lacensedelavie.fr\/wp-content\/uploads\/2018\/01\/Olivier_Pety_39-300x200.jpg 300w, https:\/\/lacensedelavie.fr\/wp-content\/uploads\/2018\/01\/Olivier_Pety_39-768x512.jpg 768w, https:\/\/lacensedelavie.fr\/wp-content\/uploads\/2018\/01\/Olivier_Pety_39-1024x683.jpg 1024w\" sizes=\"auto, (max-width: 300px) 100vw, 300px\" \/> <img loading=\"lazy\" decoding=\"async\" class=\"alignnone size-medium wp-image-63\" src=\"https:\/\/lacensedelavie.fr\/wp-content\/uploads\/2018\/01\/Olivier_Pety_31-300x200.jpg\" alt=\"\" width=\"300\" height=\"200\" srcset=\"https:\/\/lacensedelavie.fr\/wp-content\/uploads\/2018\/01\/Olivier_Pety_31-300x200.jpg 300w, https:\/\/lacensedelavie.fr\/wp-content\/uploads\/2018\/01\/Olivier_Pety_31-768x512.jpg 768w, https:\/\/lacensedelavie.fr\/wp-content\/uploads\/2018\/01\/Olivier_Pety_31-1024x683.jpg 1024w\" sizes=\"auto, (max-width: 300px) 100vw, 300px\" \/> <img loading=\"lazy\" decoding=\"async\" class=\"alignnone size-medium wp-image-65\" src=\"https:\/\/lacensedelavie.fr\/wp-content\/uploads\/2018\/01\/Olivier_Pety_33-1-300x200.jpg\" alt=\"\" width=\"300\" height=\"200\" srcset=\"https:\/\/lacensedelavie.fr\/wp-content\/uploads\/2018\/01\/Olivier_Pety_33-1-300x200.jpg 300w, https:\/\/lacensedelavie.fr\/wp-content\/uploads\/2018\/01\/Olivier_Pety_33-1-768x512.jpg 768w, https:\/\/lacensedelavie.fr\/wp-content\/uploads\/2018\/01\/Olivier_Pety_33-1-1024x683.jpg 1024w\" sizes=\"auto, (max-width: 300px) 100vw, 300px\" \/> <img loading=\"lazy\" decoding=\"async\" class=\"alignnone size-medium wp-image-72\" src=\"https:\/\/lacensedelavie.fr\/wp-content\/uploads\/2018\/01\/Olivier_Pety_40-300x200.jpg\" alt=\"\" width=\"300\" height=\"200\" \/> <img loading=\"lazy\" decoding=\"async\" class=\"alignnone size-medium wp-image-68\" src=\"https:\/\/lacensedelavie.fr\/wp-content\/uploads\/2018\/01\/Olivier_Pety_36-300x200.jpg\" alt=\"\" width=\"300\" height=\"200\" srcset=\"https:\/\/lacensedelavie.fr\/wp-content\/uploads\/2018\/01\/Olivier_Pety_36-300x200.jpg 300w, https:\/\/lacensedelavie.fr\/wp-content\/uploads\/2018\/01\/Olivier_Pety_36-768x512.jpg 768w, https:\/\/lacensedelavie.fr\/wp-content\/uploads\/2018\/01\/Olivier_Pety_36-1024x683.jpg 1024w\" sizes=\"auto, (max-width: 300px) 100vw, 300px\" \/> <img loading=\"lazy\" decoding=\"async\" class=\"alignnone size-medium wp-image-70\" src=\"https:\/\/lacensedelavie.fr\/wp-content\/uploads\/2018\/01\/Olivier_Pety_38-300x200.jpg\" alt=\"\" width=\"300\" height=\"200\" srcset=\"https:\/\/lacensedelavie.fr\/wp-content\/uploads\/2018\/01\/Olivier_Pety_38-300x200.jpg 300w, https:\/\/lacensedelavie.fr\/wp-content\/uploads\/2018\/01\/Olivier_Pety_38-768x512.jpg 768w, https:\/\/lacensedelavie.fr\/wp-content\/uploads\/2018\/01\/Olivier_Pety_38-1024x683.jpg 1024w\" sizes=\"auto, (max-width: 300px) 100vw, 300px\" \/> <img loading=\"lazy\" decoding=\"async\" class=\"alignnone size-medium wp-image-58\" src=\"https:\/\/lacensedelavie.fr\/wp-content\/uploads\/2018\/01\/Olivier_Pety_26-300x200.jpg\" alt=\"\" width=\"300\" height=\"200\" srcset=\"https:\/\/lacensedelavie.fr\/wp-content\/uploads\/2018\/01\/Olivier_Pety_26-300x200.jpg 300w, https:\/\/lacensedelavie.fr\/wp-content\/uploads\/2018\/01\/Olivier_Pety_26-768x512.jpg 768w, https:\/\/lacensedelavie.fr\/wp-content\/uploads\/2018\/01\/Olivier_Pety_26-1024x683.jpg 1024w\" sizes=\"auto, (max-width: 300px) 100vw, 300px\" \/><\/p>\n","protected":false},"excerpt":{"rendered":"<p>Les l\u00e9gumes sont le pilier de la production. Nous r\u00e9alisons du mara\u00eechage diversifi\u00e9, ce qui signifie que nous produisons une gamme large de l\u00e9gumes, en petite quantit\u00e9. Parmi les l\u00e9gumes de notre gamme, vous retrouverez les classiques : carottes,\u00a0 betteraves, tomates, poivrons, aubergines, concombres, courgettes, salades, choux, poireaux, \u00e9pinards, petits pois, haricots verts, pommes de &hellip; <\/p>\n<p class=\"link-more\"><a href=\"https:\/\/lacensedelavie.fr\/index.php\/nos-recettes\/les-legumes\/\" class=\"more-link\">Continuer la lecture<span class=\"screen-reader-text\"> de &laquo;&nbsp;Les l\u00e9gumes&nbsp;&raquo;<\/span><\/a><\/p>\n","protected":false},"author":1,"featured_media":0,"parent":23,"menu_order":0,"comment_status":"closed","ping_status":"closed","template":"","meta":{"footnotes":""},"class_list":["post-185","page","type-page","status-publish","hentry"],"jetpack_sharing_enabled":true,"_links":{"self":[{"href":"https:\/\/lacensedelavie.fr\/index.php\/wp-json\/wp\/v2\/pages\/185","targetHints":{"allow":["GET"]}}],"collection":[{"href":"https:\/\/lacensedelavie.fr\/index.php\/wp-json\/wp\/v2\/pages"}],"about":[{"href":"https:\/\/lacensedelavie.fr\/index.php\/wp-json\/wp\/v2\/types\/page"}],"author":[{"embeddable":true,"href":"https:\/\/lacensedelavie.fr\/index.php\/wp-json\/wp\/v2\/users\/1"}],"replies":[{"embeddable":true,"href":"https:\/\/lacensedelavie.fr\/index.php\/wp-json\/wp\/v2\/comments?post=185"}],"version-history":[{"count":2,"href":"https:\/\/lacensedelavie.fr\/index.php\/wp-json\/wp\/v2\/pages\/185\/revisions"}],"predecessor-version":[{"id":251,"href":"https:\/\/lacensedelavie.fr\/index.php\/wp-json\/wp\/v2\/pages\/185\/revisions\/251"}],"up":[{"embeddable":true,"href":"https:\/\/lacensedelavie.fr\/index.php\/wp-json\/wp\/v2\/pages\/23"}],"wp:attachment":[{"href":"https:\/\/lacensedelavie.fr\/index.php\/wp-json\/wp\/v2\/media?parent=185"}],"curies":[{"name":"wp","href":"https:\/\/api.w.org\/{rel}","templated":true}]}}