{"id":177,"date":"2018-03-08T16:37:56","date_gmt":"2018-03-08T15:37:56","guid":{"rendered":"http:\/\/lacensedelavie.fr\/?page_id=177"},"modified":"2018-12-14T16:26:17","modified_gmt":"2018-12-14T15:26:17","slug":"les-fruits","status":"publish","type":"page","link":"https:\/\/lacensedelavie.fr\/index.php\/les-fruits\/","title":{"rendered":"Les fruits"},"content":{"rendered":"<p>Sur le terrain que nous occupons, un petit verger \u00e9tait pr\u00e9sent, ce qui nous permet de proposer des fruits de saison en compl\u00e9ment des l\u00e9gumes.<\/p>\n<p>D\u00e8s \u00e0 pr\u00e9sent, nous proposons lorsque la saison le permet :<\/p>\n<p><img loading=\"lazy\" decoding=\"async\" class=\"size-medium wp-image-10 alignleft\" src=\"https:\/\/lacensedelavie.fr\/wp-content\/uploads\/2018\/01\/cassis-300x160.jpg\" alt=\"\" width=\"300\" height=\"160\" srcset=\"https:\/\/lacensedelavie.fr\/wp-content\/uploads\/2018\/01\/cassis-300x160.jpg 300w, https:\/\/lacensedelavie.fr\/wp-content\/uploads\/2018\/01\/cassis.jpg 307w\" sizes=\"auto, (max-width: 300px) 100vw, 300px\" \/><img loading=\"lazy\" decoding=\"async\" class=\"alignleft wp-image-339\" src=\"https:\/\/lacensedelavie.fr\/wp-content\/uploads\/2018\/11\/rhubarbe-300x200.jpg\" alt=\"\" width=\"206\" height=\"137\" srcset=\"https:\/\/lacensedelavie.fr\/wp-content\/uploads\/2018\/11\/rhubarbe-300x200.jpg 300w, https:\/\/lacensedelavie.fr\/wp-content\/uploads\/2018\/11\/rhubarbe.jpg 600w\" sizes=\"auto, (max-width: 206px) 100vw, 206px\" \/>-des cerises,<br \/>\n-des fraises<br \/>\n-des melons, past\u00e8ques<br \/>\n-des pommes, poires,<br \/>\n-des prunes, quetches, reines-claudes<br \/>\n-du cassis, des m\u00fbres, des framboises<br \/>\n-des noix, noisettes<br \/>\n-de la rhubarbe<br \/>\n-des kiwanos !<\/p>\n<p>&nbsp;<\/p>\n<p>&nbsp;<\/p>\n<p>&nbsp;<\/p>\n<p>Pour compl\u00e9ter cette gamme, nous plantons chaque ann\u00e9e des dizaines de fruitiers. Nous attendons qu&rsquo;ils arrivent \u00e0 maturit\u00e9 pour vous proposer :<br \/>\n<span style=\"font-size: 1rem;\">&#8211; des vari\u00e9t\u00e9s anciennes de pommes, poires,\u00a0coings issus du verger conservatoire de Villeneuve d&rsquo;Ascq et de passionn\u00e9s de la r\u00e9gion<br \/>\n<\/span>&#8211; une diversit\u00e9 de m\u00fbres, framboises, groseilles, cassis, caseilles, muroises, etc,&#8230;<br \/>\n&#8211; des ch\u00e2taignes<br \/>\n-des figues<br \/>\n&#8211; des kiwis et kiwa\u00efs<br \/>\n&#8211; du goji<br \/>\n-et des surprises !!<\/p>\n<p>Nous multiplions les arbres et arbustes nous-m\u00eame et en proposons aussi parfois \u00e0 la vente.<\/p>\n","protected":false},"excerpt":{"rendered":"<p>Sur le terrain que nous occupons, un petit verger \u00e9tait pr\u00e9sent, ce qui nous permet de proposer des fruits de saison en compl\u00e9ment des l\u00e9gumes. D\u00e8s \u00e0 pr\u00e9sent, nous proposons lorsque la saison le permet : -des cerises, -des fraises -des melons, past\u00e8ques -des pommes, poires, -des prunes, quetches, reines-claudes -du cassis, des m\u00fbres, des &hellip; <\/p>\n<p class=\"link-more\"><a href=\"https:\/\/lacensedelavie.fr\/index.php\/les-fruits\/\" class=\"more-link\">Continuer la lecture<span class=\"screen-reader-text\"> de &laquo;&nbsp;Les fruits&nbsp;&raquo;<\/span><\/a><\/p>\n","protected":false},"author":1,"featured_media":0,"parent":0,"menu_order":0,"comment_status":"closed","ping_status":"closed","template":"","meta":{"footnotes":""},"class_list":["post-177","page","type-page","status-publish","hentry"],"jetpack_sharing_enabled":true,"_links":{"self":[{"href":"https:\/\/lacensedelavie.fr\/index.php\/wp-json\/wp\/v2\/pages\/177","targetHints":{"allow":["GET"]}}],"collection":[{"href":"https:\/\/lacensedelavie.fr\/index.php\/wp-json\/wp\/v2\/pages"}],"about":[{"href":"https:\/\/lacensedelavie.fr\/index.php\/wp-json\/wp\/v2\/types\/page"}],"author":[{"embeddable":true,"href":"https:\/\/lacensedelavie.fr\/index.php\/wp-json\/wp\/v2\/users\/1"}],"replies":[{"embeddable":true,"href":"https:\/\/lacensedelavie.fr\/index.php\/wp-json\/wp\/v2\/comments?post=177"}],"version-history":[{"count":5,"href":"https:\/\/lacensedelavie.fr\/index.php\/wp-json\/wp\/v2\/pages\/177\/revisions"}],"predecessor-version":[{"id":371,"href":"https:\/\/lacensedelavie.fr\/index.php\/wp-json\/wp\/v2\/pages\/177\/revisions\/371"}],"wp:attachment":[{"href":"https:\/\/lacensedelavie.fr\/index.php\/wp-json\/wp\/v2\/media?parent=177"}],"curies":[{"name":"wp","href":"https:\/\/api.w.org\/{rel}","templated":true}]}}