{"id":153,"date":"2018-03-08T15:43:20","date_gmt":"2018-03-08T14:43:20","guid":{"rendered":"http:\/\/lacensedelavie.fr\/?page_id=153"},"modified":"2018-07-04T22:38:56","modified_gmt":"2018-07-04T20:38:56","slug":"les-courges","status":"publish","type":"page","link":"https:\/\/lacensedelavie.fr\/index.php\/nos-recettes\/les-courges\/","title":{"rendered":"Les courges"},"content":{"rendered":"<p>Les courges sont d\u00e9clin\u00e9es dans des centaines de vari\u00e9t\u00e9s. Nous en proposons une vingtaine, parmi les plus savoureuses. Venez les d\u00e9couvrir et apprendre \u00e0 les cuisiner avec les meilleures recettes.<\/p>\n<p>Il y a diff\u00e9rentes fa\u00e7ons de les cuisiner pour varier les plaisirs durant tout l&rsquo;hiver.<\/p>\n<p><img loading=\"lazy\" decoding=\"async\" class=\"size-medium wp-image-154 aligncenter\" src=\"https:\/\/lacensedelavie.fr\/wp-content\/uploads\/2018\/03\/Courges-300x201.jpg\" alt=\"\" width=\"300\" height=\"201\" srcset=\"https:\/\/lacensedelavie.fr\/wp-content\/uploads\/2018\/03\/Courges-300x201.jpg 300w, https:\/\/lacensedelavie.fr\/wp-content\/uploads\/2018\/03\/Courges.jpg 550w\" sizes=\"auto, (max-width: 300px) 100vw, 300px\" \/>1<\/p>\n<p>&nbsp;<\/p>\n","protected":false},"excerpt":{"rendered":"<p>Les courges sont d\u00e9clin\u00e9es dans des centaines de vari\u00e9t\u00e9s. Nous en proposons une vingtaine, parmi les plus savoureuses. Venez les d\u00e9couvrir et apprendre \u00e0 les cuisiner avec les meilleures recettes. Il y a diff\u00e9rentes fa\u00e7ons de les cuisiner pour varier les plaisirs durant tout l&rsquo;hiver. 1 &nbsp;<\/p>\n","protected":false},"author":1,"featured_media":0,"parent":23,"menu_order":1,"comment_status":"closed","ping_status":"closed","template":"","meta":{"footnotes":""},"class_list":["post-153","page","type-page","status-publish","hentry"],"jetpack_sharing_enabled":true,"_links":{"self":[{"href":"https:\/\/lacensedelavie.fr\/index.php\/wp-json\/wp\/v2\/pages\/153","targetHints":{"allow":["GET"]}}],"collection":[{"href":"https:\/\/lacensedelavie.fr\/index.php\/wp-json\/wp\/v2\/pages"}],"about":[{"href":"https:\/\/lacensedelavie.fr\/index.php\/wp-json\/wp\/v2\/types\/page"}],"author":[{"embeddable":true,"href":"https:\/\/lacensedelavie.fr\/index.php\/wp-json\/wp\/v2\/users\/1"}],"replies":[{"embeddable":true,"href":"https:\/\/lacensedelavie.fr\/index.php\/wp-json\/wp\/v2\/comments?post=153"}],"version-history":[{"count":1,"href":"https:\/\/lacensedelavie.fr\/index.php\/wp-json\/wp\/v2\/pages\/153\/revisions"}],"predecessor-version":[{"id":155,"href":"https:\/\/lacensedelavie.fr\/index.php\/wp-json\/wp\/v2\/pages\/153\/revisions\/155"}],"up":[{"embeddable":true,"href":"https:\/\/lacensedelavie.fr\/index.php\/wp-json\/wp\/v2\/pages\/23"}],"wp:attachment":[{"href":"https:\/\/lacensedelavie.fr\/index.php\/wp-json\/wp\/v2\/media?parent=153"}],"curies":[{"name":"wp","href":"https:\/\/api.w.org\/{rel}","templated":true}]}}