{"id":150,"date":"2018-03-08T15:46:58","date_gmt":"2018-03-08T14:46:58","guid":{"rendered":"http:\/\/lacensedelavie.fr\/?page_id=150"},"modified":"2018-07-04T22:17:10","modified_gmt":"2018-07-04T20:17:10","slug":"nos-activites","status":"publish","type":"page","link":"https:\/\/lacensedelavie.fr\/index.php\/le-projet\/nos-activites\/","title":{"rendered":"Nos activit\u00e9s"},"content":{"rendered":"<p>Nos diff\u00e9rentes activit\u00e9s sont organis\u00e9es autour de la production v\u00e9g\u00e9tale et animale.<\/p>\n<p>Les productions actuelles ou envisag\u00e9es sont les suivantes :<\/p>\n<ul>\n<li>L\u00e9gumes diversifi\u00e9s, plantes aromatiques et m\u00e9dicinales : plus de 50 esp\u00e8ces diff\u00e9rentes, d\u00e9clin\u00e9es en centaines de vari\u00e9t\u00e9s<\/li>\n<li>Fruits et petits fruits : cerises, prunes, pommes, poires, m\u00fbres, cassis, caseilles,\u00a0 framboises, fraises, kiwis, figues, noisettes, noix, ch\u00e2taignes, etc,&#8230;<\/li>\n<li>Oeufs<\/li>\n<li>Volailles<\/li>\n<\/ul>\n<p>Un des objectifs principaux du projet est de produire de mani\u00e8re saine et respectueuse de l\u2019environnement. Le choix se porte donc tout naturellement vers des pratiques d\u2019<strong><span style=\"color: #ff6600;\">agriculture biologique<\/span><\/strong>, avec tout ce que cela implique\u00a0: respect de la vie du sol, pas d\u2019utilisation de produits de synth\u00e8se, limitation du bilan carbone, etc, \u2026<\/p>\n<p><img loading=\"lazy\" decoding=\"async\" class=\"size-full wp-image-198 alignleft\" src=\"https:\/\/lacensedelavie.fr\/wp-content\/uploads\/2018\/03\/logo-ab.png\" alt=\"\" width=\"87\" height=\"121\" \/><\/p>\n<p>Nous sommes certifi\u00e9s agriculture biologique par Ecocert depuis le d\u00e9marrage en 2017.<\/p>\n<p>&nbsp;<\/p>\n<p>Au del\u00e0 de la certification, l&rsquo;objectif est aussi de cr\u00e9er un espace de production o\u00f9 la vie est tr\u00e8s pr\u00e9sente et o\u00f9 la biodiversit\u00e9 peut se d\u00e9velopper le plus naturellement possible, tout en restant dans un objectif de rentabilit\u00e9.<\/p>\n<p><img loading=\"lazy\" decoding=\"async\" class=\"alignnone wp-image-10 size-medium\" src=\"https:\/\/lacensedelavie.fr\/wp-content\/uploads\/2018\/01\/cassis-300x160.jpg\" alt=\"\" width=\"300\" height=\"160\" srcset=\"https:\/\/lacensedelavie.fr\/wp-content\/uploads\/2018\/01\/cassis-300x160.jpg 300w, https:\/\/lacensedelavie.fr\/wp-content\/uploads\/2018\/01\/cassis.jpg 307w\" sizes=\"auto, (max-width: 300px) 100vw, 300px\" \/> <img loading=\"lazy\" decoding=\"async\" class=\"alignnone wp-image-72 size-medium\" src=\"https:\/\/lacensedelavie.fr\/wp-content\/uploads\/2018\/01\/Olivier_Pety_40-300x200.jpg\" alt=\"\" width=\"300\" height=\"200\" \/> <img loading=\"lazy\" decoding=\"async\" class=\"alignnone wp-image-37 size-medium\" src=\"https:\/\/lacensedelavie.fr\/wp-content\/uploads\/2018\/01\/Olivier_Pety_05-300x200.jpg\" alt=\"\" width=\"300\" height=\"200\" srcset=\"https:\/\/lacensedelavie.fr\/wp-content\/uploads\/2018\/01\/Olivier_Pety_05-300x200.jpg 300w, https:\/\/lacensedelavie.fr\/wp-content\/uploads\/2018\/01\/Olivier_Pety_05-768x512.jpg 768w, https:\/\/lacensedelavie.fr\/wp-content\/uploads\/2018\/01\/Olivier_Pety_05-1024x683.jpg 1024w\" sizes=\"auto, (max-width: 300px) 100vw, 300px\" \/><\/p>\n","protected":false},"excerpt":{"rendered":"<p>Nos diff\u00e9rentes activit\u00e9s sont organis\u00e9es autour de la production v\u00e9g\u00e9tale et animale. Les productions actuelles ou envisag\u00e9es sont les suivantes : L\u00e9gumes diversifi\u00e9s, plantes aromatiques et m\u00e9dicinales : plus de 50 esp\u00e8ces diff\u00e9rentes, d\u00e9clin\u00e9es en centaines de vari\u00e9t\u00e9s Fruits et petits fruits : cerises, prunes, pommes, poires, m\u00fbres, cassis, caseilles,\u00a0 framboises, fraises, kiwis, figues, noisettes, &hellip; <\/p>\n<p class=\"link-more\"><a href=\"https:\/\/lacensedelavie.fr\/index.php\/le-projet\/nos-activites\/\" class=\"more-link\">Continuer la lecture<span class=\"screen-reader-text\"> de &laquo;&nbsp;Nos activit\u00e9s&nbsp;&raquo;<\/span><\/a><\/p>\n","protected":false},"author":1,"featured_media":0,"parent":120,"menu_order":1,"comment_status":"closed","ping_status":"closed","template":"","meta":{"footnotes":""},"class_list":["post-150","page","type-page","status-publish","hentry"],"jetpack_sharing_enabled":true,"_links":{"self":[{"href":"https:\/\/lacensedelavie.fr\/index.php\/wp-json\/wp\/v2\/pages\/150","targetHints":{"allow":["GET"]}}],"collection":[{"href":"https:\/\/lacensedelavie.fr\/index.php\/wp-json\/wp\/v2\/pages"}],"about":[{"href":"https:\/\/lacensedelavie.fr\/index.php\/wp-json\/wp\/v2\/types\/page"}],"author":[{"embeddable":true,"href":"https:\/\/lacensedelavie.fr\/index.php\/wp-json\/wp\/v2\/users\/1"}],"replies":[{"embeddable":true,"href":"https:\/\/lacensedelavie.fr\/index.php\/wp-json\/wp\/v2\/comments?post=150"}],"version-history":[{"count":7,"href":"https:\/\/lacensedelavie.fr\/index.php\/wp-json\/wp\/v2\/pages\/150\/revisions"}],"predecessor-version":[{"id":240,"href":"https:\/\/lacensedelavie.fr\/index.php\/wp-json\/wp\/v2\/pages\/150\/revisions\/240"}],"up":[{"embeddable":true,"href":"https:\/\/lacensedelavie.fr\/index.php\/wp-json\/wp\/v2\/pages\/120"}],"wp:attachment":[{"href":"https:\/\/lacensedelavie.fr\/index.php\/wp-json\/wp\/v2\/media?parent=150"}],"curies":[{"name":"wp","href":"https:\/\/api.w.org\/{rel}","templated":true}]}}