{"id":143,"date":"2018-03-08T16:11:25","date_gmt":"2018-03-08T15:11:25","guid":{"rendered":"http:\/\/lacensedelavie.fr\/?page_id=143"},"modified":"2018-11-23T16:03:45","modified_gmt":"2018-11-23T15:03:45","slug":"pourquoi-ce-nom","status":"publish","type":"page","link":"https:\/\/lacensedelavie.fr\/index.php\/le-projet\/pourquoi-ce-nom\/","title":{"rendered":"Pourquoi ce nom ?"},"content":{"rendered":"<p>On nous demande parfois \u00e0 quoi correspond ce nom, \u00ab\u00a0La Cense de la Vie\u00a0\u00bb, ce qu&rsquo;il signifie. Voici quelques explications :<\/p>\n<p>Le choix du nom a \u00e9t\u00e9 source de longues r\u00e9flexions. Il doit \u00eatre original, facile \u00e0 retenir, et faire sens avec le projet.<\/p>\n<p>Je souhaitais y int\u00e9grer le mot \u00ab\u00a0sens\u00a0\u00bb. Il a plusieurs significations et se d\u00e9signe\u00a0<span style=\"font-size: 1rem;\">lui-m\u00eame (sens = signification) .\u00a0<\/span><span style=\"font-size: 1rem;\">Mais il d\u00e9signe aussi la direction, le chemin \u00e0 suivre.<\/span><\/p>\n<p><img loading=\"lazy\" decoding=\"async\" class=\"wp-image-356 aligncenter\" src=\"https:\/\/lacensedelavie.fr\/wp-content\/uploads\/2018\/11\/fleches-en-tout-sens-300x300.jpg\" alt=\"\" width=\"186\" height=\"186\" srcset=\"https:\/\/lacensedelavie.fr\/wp-content\/uploads\/2018\/11\/fleches-en-tout-sens-300x300.jpg 300w, https:\/\/lacensedelavie.fr\/wp-content\/uploads\/2018\/11\/fleches-en-tout-sens-150x150.jpg 150w, https:\/\/lacensedelavie.fr\/wp-content\/uploads\/2018\/11\/fleches-en-tout-sens-100x100.jpg 100w, https:\/\/lacensedelavie.fr\/wp-content\/uploads\/2018\/11\/fleches-en-tout-sens.jpg 500w\" sizes=\"auto, (max-width: 186px) 100vw, 186px\" \/><\/p>\n<p>&nbsp;<\/p>\n<p>Ensuite,\u00a0<span style=\"font-size: 1rem;\">c&rsquo;est aussi la perception, les 5 sens. Cela fait \u00e9cho au projet : trouver ou retrouver du go\u00fbt, des saveurs, des odeurs, des couleurs qui soient le plus naturels et le plus sain possible.<\/span><\/p>\n<p>Enfin et surtout l&rsquo;essence m\u00eame du projet,\u00a0 ce qui l&rsquo;a fait na\u00eetre, c&rsquo;est la recherche de sens. Qu&rsquo;est ce qui a du sens pour moi, ma vie a-t-elle un sens, quel sens lui donner ?<\/p>\n<p>L&rsquo;autre mot important \u00e0 int\u00e9grer dans ce nom, c&rsquo;est le mot vie. Lorsqu&rsquo;on prend le temps d&rsquo;y r\u00e9fl\u00e9chir, de l&rsquo;observer, on ne peut que s&rsquo;\u00e9merveiller devant le complexe et magique processus de la vie. Qu&rsquo;est-ce qui fait que tout cela s&rsquo;anime, grandit, se multiplie ? D&rsquo;o\u00f9 vient l&rsquo;\u00e9nergie initiale de cet ensemble? Qu&rsquo;est-ce qui l&rsquo;organise ? Comment une minuscule graine endormie va se d\u00e9velopper, pousser et nourrir ensuite d&rsquo;autres cha\u00eenons de la vie qui \u00e0 leur tour vont se d\u00e9velopper?<\/p>\n<p>Or la biodiversit\u00e9, la vie et toute sa complexit\u00e9, se d\u00e9gradent progressivement au profit d&rsquo;une artificialisation. On retire certains cha\u00eenons parce qu&rsquo;ils ne produisent rien de directement commercialisable ou parce qu&rsquo;ils d\u00e9rangent la productivit\u00e9.<br \/>\nUn des buts du projet est aussi de recr\u00e9er un maximum de biodiversit\u00e9, de sauvegarder ce patrimoine vital, de retrouver un \u00e9quilibre naturel autant que possible et de sensibiliser les personnes \u00e0 cela.<\/p>\n<p>Le projet s&rsquo;axe autour de la cr\u00e9ation d&rsquo;une ferme, lieu de vie par essence. La ferme est un lieu qui sert \u00e0 nourrir les hommes. Or la cense en Belgique et dans le Nord de la France, d\u00e9signe une ferme. Il est issu du vieux fran\u00e7ais cens qui \u00e9tait une redevance pay\u00e9e par tous les producteurs de denr\u00e9es (moulins, champs,&#8230;).<\/p>\n<p>La cense, la vie, le sens, les sens : en combinant tout cela, le nom est apparu comme une \u00e9vidence : ce sera <strong>La Cense de la Vie<\/strong> !<\/p>\n<p>&nbsp;<\/p>\n<p>&nbsp;<\/p>\n","protected":false},"excerpt":{"rendered":"<p>On nous demande parfois \u00e0 quoi correspond ce nom, \u00ab\u00a0La Cense de la Vie\u00a0\u00bb, ce qu&rsquo;il signifie. Voici quelques explications : Le choix du nom a \u00e9t\u00e9 source de longues r\u00e9flexions. Il doit \u00eatre original, facile \u00e0 retenir, et faire sens avec le projet. Je souhaitais y int\u00e9grer le mot \u00ab\u00a0sens\u00a0\u00bb. Il a plusieurs significations &hellip; <\/p>\n<p class=\"link-more\"><a href=\"https:\/\/lacensedelavie.fr\/index.php\/le-projet\/pourquoi-ce-nom\/\" class=\"more-link\">Continuer la lecture<span class=\"screen-reader-text\"> de &laquo;&nbsp;Pourquoi ce nom ?&nbsp;&raquo;<\/span><\/a><\/p>\n","protected":false},"author":1,"featured_media":0,"parent":120,"menu_order":0,"comment_status":"closed","ping_status":"closed","template":"","meta":{"footnotes":""},"class_list":["post-143","page","type-page","status-publish","hentry"],"jetpack_sharing_enabled":true,"_links":{"self":[{"href":"https:\/\/lacensedelavie.fr\/index.php\/wp-json\/wp\/v2\/pages\/143","targetHints":{"allow":["GET"]}}],"collection":[{"href":"https:\/\/lacensedelavie.fr\/index.php\/wp-json\/wp\/v2\/pages"}],"about":[{"href":"https:\/\/lacensedelavie.fr\/index.php\/wp-json\/wp\/v2\/types\/page"}],"author":[{"embeddable":true,"href":"https:\/\/lacensedelavie.fr\/index.php\/wp-json\/wp\/v2\/users\/1"}],"replies":[{"embeddable":true,"href":"https:\/\/lacensedelavie.fr\/index.php\/wp-json\/wp\/v2\/comments?post=143"}],"version-history":[{"count":13,"href":"https:\/\/lacensedelavie.fr\/index.php\/wp-json\/wp\/v2\/pages\/143\/revisions"}],"predecessor-version":[{"id":358,"href":"https:\/\/lacensedelavie.fr\/index.php\/wp-json\/wp\/v2\/pages\/143\/revisions\/358"}],"up":[{"embeddable":true,"href":"https:\/\/lacensedelavie.fr\/index.php\/wp-json\/wp\/v2\/pages\/120"}],"wp:attachment":[{"href":"https:\/\/lacensedelavie.fr\/index.php\/wp-json\/wp\/v2\/media?parent=143"}],"curies":[{"name":"wp","href":"https:\/\/api.w.org\/{rel}","templated":true}]}}