{"id":120,"date":"2018-01-15T15:05:09","date_gmt":"2018-01-15T14:05:09","guid":{"rendered":"http:\/\/lacensedelavie.fr\/?page_id=120"},"modified":"2025-11-05T20:41:28","modified_gmt":"2025-11-05T19:41:28","slug":"le-projet","status":"publish","type":"page","link":"https:\/\/lacensedelavie.fr\/index.php\/le-projet\/","title":{"rendered":"Le projet"},"content":{"rendered":"<p>La Cense de la Vie produit des fruits et l\u00e9gumes bio dans le Nord pr\u00e8s d&rsquo;Orchies. Le projet vise \u00e0 am\u00e9nager un site de production qui permette de cultiver de fa\u00e7on saine et \u00e9quilibr\u00e9e, en pr\u00e9servant voire en am\u00e9liorant l&rsquo;environnement local.<\/p>\n<p>Nos motivations principales sont multiples :<\/p>\n<ul>\n<li>aligner nos convictions avec nos actions et notre mode de vie.<\/li>\n<li>donner du sens, de la coh\u00e9rence \u00e0 nos vies.<\/li>\n<li>partager nos d\u00e9couvertes, nos valeurs, nos passions.<\/li>\n<li>apporter des solutions concr\u00e8tes aux probl\u00e9matiques de r\u00e9chauffement climatiques et de malnutrition.<\/li>\n<\/ul>\n<p>La production de fruits et l\u00e9gumes en agriculture biologique, diffus\u00e9s localement, est une mani\u00e8re de r\u00e9pondre \u00e0 certaines de ces motivations.<\/p>\n<p><img loading=\"lazy\" decoding=\"async\" class=\"alignnone size-medium wp-image-63\" src=\"https:\/\/lacensedelavie.fr\/wp-content\/uploads\/2018\/01\/Olivier_Pety_31-300x200.jpg\" alt=\"\" width=\"300\" height=\"200\" srcset=\"https:\/\/lacensedelavie.fr\/wp-content\/uploads\/2018\/01\/Olivier_Pety_31-300x200.jpg 300w, https:\/\/lacensedelavie.fr\/wp-content\/uploads\/2018\/01\/Olivier_Pety_31-768x512.jpg 768w, https:\/\/lacensedelavie.fr\/wp-content\/uploads\/2018\/01\/Olivier_Pety_31-1024x683.jpg 1024w\" sizes=\"auto, (max-width: 300px) 100vw, 300px\" \/> <img loading=\"lazy\" decoding=\"async\" class=\"alignnone size-medium wp-image-70\" src=\"https:\/\/lacensedelavie.fr\/wp-content\/uploads\/2018\/01\/Olivier_Pety_38-300x200.jpg\" alt=\"\" width=\"300\" height=\"200\" srcset=\"https:\/\/lacensedelavie.fr\/wp-content\/uploads\/2018\/01\/Olivier_Pety_38-300x200.jpg 300w, https:\/\/lacensedelavie.fr\/wp-content\/uploads\/2018\/01\/Olivier_Pety_38-768x512.jpg 768w, https:\/\/lacensedelavie.fr\/wp-content\/uploads\/2018\/01\/Olivier_Pety_38-1024x683.jpg 1024w\" sizes=\"auto, (max-width: 300px) 100vw, 300px\" \/> <img loading=\"lazy\" decoding=\"async\" class=\"alignnone wp-image-56\" src=\"https:\/\/lacensedelavie.fr\/wp-content\/uploads\/2018\/01\/Olivier_Pety_24-300x200.jpg\" alt=\"\" width=\"290\" height=\"193\" srcset=\"https:\/\/lacensedelavie.fr\/wp-content\/uploads\/2018\/01\/Olivier_Pety_24-300x200.jpg 300w, https:\/\/lacensedelavie.fr\/wp-content\/uploads\/2018\/01\/Olivier_Pety_24-768x512.jpg 768w, https:\/\/lacensedelavie.fr\/wp-content\/uploads\/2018\/01\/Olivier_Pety_24-1024x683.jpg 1024w\" sizes=\"auto, (max-width: 290px) 100vw, 290px\" \/> &nbsp;&nbsp;<img loading=\"lazy\" decoding=\"async\" class=\"alignnone size-medium wp-image-69\" src=\"https:\/\/lacensedelavie.fr\/wp-content\/uploads\/2018\/01\/Olivier_Pety_37-300x200.jpg\" alt=\"\" width=\"300\" height=\"200\" srcset=\"https:\/\/lacensedelavie.fr\/wp-content\/uploads\/2018\/01\/Olivier_Pety_37-300x200.jpg 300w, https:\/\/lacensedelavie.fr\/wp-content\/uploads\/2018\/01\/Olivier_Pety_37-768x512.jpg 768w, https:\/\/lacensedelavie.fr\/wp-content\/uploads\/2018\/01\/Olivier_Pety_37-1024x683.jpg 1024w\" sizes=\"auto, (max-width: 300px) 100vw, 300px\" \/><img loading=\"lazy\" decoding=\"async\" class=\"alignnone size-medium wp-image-53\" src=\"https:\/\/lacensedelavie.fr\/wp-content\/uploads\/2018\/01\/Olivier_Pety_21-300x200.jpg\" alt=\"\" width=\"300\" height=\"200\" srcset=\"https:\/\/lacensedelavie.fr\/wp-content\/uploads\/2018\/01\/Olivier_Pety_21-300x200.jpg 300w, https:\/\/lacensedelavie.fr\/wp-content\/uploads\/2018\/01\/Olivier_Pety_21-768x512.jpg 768w, https:\/\/lacensedelavie.fr\/wp-content\/uploads\/2018\/01\/Olivier_Pety_21-1024x683.jpg 1024w\" sizes=\"auto, (max-width: 300px) 100vw, 300px\" \/> <img loading=\"lazy\" decoding=\"async\" class=\"alignnone size-medium wp-image-52\" src=\"https:\/\/lacensedelavie.fr\/wp-content\/uploads\/2018\/01\/Olivier_Pety_20-300x200.jpg\" alt=\"\" width=\"300\" height=\"200\" srcset=\"https:\/\/lacensedelavie.fr\/wp-content\/uploads\/2018\/01\/Olivier_Pety_20-300x200.jpg 300w, https:\/\/lacensedelavie.fr\/wp-content\/uploads\/2018\/01\/Olivier_Pety_20-768x512.jpg 768w, https:\/\/lacensedelavie.fr\/wp-content\/uploads\/2018\/01\/Olivier_Pety_20-1024x683.jpg 1024w\" sizes=\"auto, (max-width: 300px) 100vw, 300px\" \/><\/p>\n<p><a class=\"fasc-button fasc-size-medium fasc-type-flat\" style=\"background-color: #33809e; color: #ffffff;\" target=\"_blank\" rel=\"noopener noreferrer\" href=\"http:\/\/app.cagette.net\/group\/4015\">Achetez nos produits<\/a><\/p>\n\n\n<p><\/p>\n","protected":false},"excerpt":{"rendered":"<p>La Cense de la Vie produit des fruits et l\u00e9gumes bio dans le Nord pr\u00e8s d&rsquo;Orchies. Le projet vise \u00e0 am\u00e9nager un site de production qui permette de cultiver de fa\u00e7on saine et \u00e9quilibr\u00e9e, en pr\u00e9servant voire en am\u00e9liorant l&rsquo;environnement local. Nos motivations principales sont multiples : aligner nos convictions avec nos actions et notre &hellip; <\/p>\n<p class=\"link-more\"><a href=\"https:\/\/lacensedelavie.fr\/index.php\/le-projet\/\" class=\"more-link\">Continuer la lecture<span class=\"screen-reader-text\"> de &laquo;&nbsp;Le projet&nbsp;&raquo;<\/span><\/a><\/p>\n","protected":false},"author":1,"featured_media":0,"parent":0,"menu_order":0,"comment_status":"closed","ping_status":"closed","template":"","meta":{"footnotes":""},"class_list":["post-120","page","type-page","status-publish","hentry"],"jetpack_sharing_enabled":true,"_links":{"self":[{"href":"https:\/\/lacensedelavie.fr\/index.php\/wp-json\/wp\/v2\/pages\/120","targetHints":{"allow":["GET"]}}],"collection":[{"href":"https:\/\/lacensedelavie.fr\/index.php\/wp-json\/wp\/v2\/pages"}],"about":[{"href":"https:\/\/lacensedelavie.fr\/index.php\/wp-json\/wp\/v2\/types\/page"}],"author":[{"embeddable":true,"href":"https:\/\/lacensedelavie.fr\/index.php\/wp-json\/wp\/v2\/users\/1"}],"replies":[{"embeddable":true,"href":"https:\/\/lacensedelavie.fr\/index.php\/wp-json\/wp\/v2\/comments?post=120"}],"version-history":[{"count":10,"href":"https:\/\/lacensedelavie.fr\/index.php\/wp-json\/wp\/v2\/pages\/120\/revisions"}],"predecessor-version":[{"id":540,"href":"https:\/\/lacensedelavie.fr\/index.php\/wp-json\/wp\/v2\/pages\/120\/revisions\/540"}],"wp:attachment":[{"href":"https:\/\/lacensedelavie.fr\/index.php\/wp-json\/wp\/v2\/media?parent=120"}],"curies":[{"name":"wp","href":"https:\/\/api.w.org\/{rel}","templated":true}]}}